{"id":11748,"date":"2016-09-27T00:41:36","date_gmt":"2016-09-26T21:41:36","guid":{"rendered":"http:\/\/www.federalmermer.com\/?page_id=11748"},"modified":"2016-09-28T09:28:08","modified_gmt":"2016-09-28T06:28:08","slug":"ocaklarimiz","status":"publish","type":"page","link":"https:\/\/www.federalmermer.com\/index.php\/ocaklarimiz\/","title":{"rendered":"Ocaklar\u0131m\u0131z"},"content":{"rendered":"<p>\t\t\t<div class=\"fusion-slider-container fusion-slider-41 full-width-slider \" id=\"fusion-slider-sc-anaocak\" style=\"height: 500px; max-width: 100%;\">\n\t\t\t\t<style type=\"text\/css\" scoped=\"scoped\">\n\t\t\t\t.fusion-slider-41 .flex-direction-nav a {\n\t\t\t\t\twidth:63px;height:63px;line-height:63px;margin-top:-31.5px;font-size:25px;\t\t\t\t}\n                <\/style>\n\t\t\t\t<div class=\"fusion-slider-loading\">Loading...<\/div>\n\t\t\t\t<div class=\"tfs-slider flexslider main-flex full-width-slider\" data-slider_width=\"100%\" data-slider_height=\"500px\" data-full_screen=\"0\" data-parallax=\"0\" data-nav_arrows=\"1\" data-nav_box_width=\"63px\" data-nav_box_height=\"63px\" data-nav_arrow_size=\"25px\" data-pagination_circles=\"0\" data-autoplay=\"1\" data-loop=\"0\" data-animation=\"fade\" data-slideshow_speed=\"7000\" data-animation_speed=\"600\" data-typo_sensitivity=\"1\" data-typo_factor=\"1.5\" style=\"max-width: 100%;\">\n\t\t\t\t\t<ul class=\"slides\">\n\t\t\t\t\t\t\t\t\t\t\t\t<li data-mute=\"yes\" data-loop=\"yes\" data-autoplay=\"yes\">\n\t\t\t\t\t\t\t<div class=\"slide-content-container slide-content-left\" style=\"display: none;\">\n\t\t\t\t\t\t\t\t<div class=\"slide-content\" style=\"\">\n\t\t\t\t\t\t\t\t\t\t\t\t\t\t\t\t\t\t\t\t\t\t\t\t\t\t\t\t\t\t\t\t\t\t\t<\/div>\n\t\t\t\t\t\t\t<\/div>\n\t\t\t\t\t\t\t\t\t\t\t\t\t\t\t\t\t\t\t\t\t\t\t\t\t\t\t\t<div class=\"background background-image\" style=\"background-image: url(https:\/\/www.federalmermer.com\/wp-content\/uploads\/2016\/09\/uzmullu-slider.jpg);max-width:100%;height:500px;filter: progid:DXImageTransform.Microsoft.AlphaImageLoader(src='https:\/\/www.federalmermer.com\/wp-content\/uploads\/2016\/09\/uzmullu-slider.jpg', sizingMethod='scale');-ms-filter:'progid:DXImageTransform.Microsoft.AlphaImageLoader(src='https:\/\/www.federalmermer.com\/wp-content\/uploads\/2016\/09\/uzmullu-slider.jpg', sizingMethod='scale')';\" data-imgwidth=\"2000\">\n\t\t\t\t\t\t\t\t\t\t\t\t\t\t\t\t\t\t\t\t\t\t\t\t\t\t\t\t\t\t\t\t\t\t\t\t\t\t\t\t\t\t\t\t\t\t\t\t<\/div>\n\t\t\t\t\t\t<\/li>\n\t\t\t\t\t\t\t\t\t\t\t\t<li data-mute=\"yes\" data-loop=\"yes\" data-autoplay=\"yes\">\n\t\t\t\t\t\t\t<div class=\"slide-content-container slide-content-left\" style=\"display: none;\">\n\t\t\t\t\t\t\t\t<div class=\"slide-content\" style=\"\">\n\t\t\t\t\t\t\t\t\t\t\t\t\t\t\t\t\t\t\t\t\t\t\t\t\t\t\t\t\t\t\t\t\t\t\t<\/div>\n\t\t\t\t\t\t\t<\/div>\n\t\t\t\t\t\t\t\t\t\t\t\t\t\t\t\t\t\t\t\t\t\t\t\t\t\t\t\t<div class=\"background background-image\" style=\"background-image: url(https:\/\/www.federalmermer.com\/wp-content\/uploads\/2016\/09\/home_sliderden.jpg);max-width:100%;height:500px;filter: progid:DXImageTransform.Microsoft.AlphaImageLoader(src='https:\/\/www.federalmermer.com\/wp-content\/uploads\/2016\/09\/home_sliderden.jpg', sizingMethod='scale');-ms-filter:'progid:DXImageTransform.Microsoft.AlphaImageLoader(src='https:\/\/www.federalmermer.com\/wp-content\/uploads\/2016\/09\/home_sliderden.jpg', sizingMethod='scale')';\" data-imgwidth=\"1800\">\n\t\t\t\t\t\t\t\t\t\t\t\t\t\t\t\t\t\t\t\t\t\t\t\t\t\t\t\t\t\t\t\t\t\t\t\t\t\t\t\t\t\t\t\t\t\t\t\t<\/div>\n\t\t\t\t\t\t<\/li>\n\t\t\t\t\t\t\t\t\t\t\t\t<li data-mute=\"yes\" data-loop=\"yes\" data-autoplay=\"yes\">\n\t\t\t\t\t\t\t<div class=\"slide-content-container slide-content-left\" style=\"display: none;\">\n\t\t\t\t\t\t\t\t<div class=\"slide-content\" style=\"\">\n\t\t\t\t\t\t\t\t\t\t\t\t\t\t\t\t\t\t\t\t\t\t\t\t\t\t\t\t\t\t\t\t\t\t\t<\/div>\n\t\t\t\t\t\t\t<\/div>\n\t\t\t\t\t\t\t\t\t\t\t\t\t\t\t\t\t\t\t\t\t\t\t\t\t\t\t\t<div class=\"background background-image\" style=\"background-image: url(https:\/\/www.federalmermer.com\/wp-content\/uploads\/2016\/09\/home_slider22222222222222222.jpg);max-width:100%;height:500px;filter: progid:DXImageTransform.Microsoft.AlphaImageLoader(src='https:\/\/www.federalmermer.com\/wp-content\/uploads\/2016\/09\/home_slider22222222222222222.jpg', sizingMethod='scale');-ms-filter:'progid:DXImageTransform.Microsoft.AlphaImageLoader(src='https:\/\/www.federalmermer.com\/wp-content\/uploads\/2016\/09\/home_slider22222222222222222.jpg', sizingMethod='scale')';\" data-imgwidth=\"1800\">\n\t\t\t\t\t\t\t\t\t\t\t\t\t\t\t\t\t\t\t\t\t\t\t\t\t\t\t\t\t\t\t\t\t\t\t\t\t\t\t\t\t\t\t\t\t\t\t\t<\/div>\n\t\t\t\t\t\t<\/li>\n\t\t\t\t\t\t\t\t\t\t\t\t<li data-mute=\"yes\" data-loop=\"yes\" data-autoplay=\"yes\">\n\t\t\t\t\t\t\t<div class=\"slide-content-container slide-content-left\" style=\"display: none;\">\n\t\t\t\t\t\t\t\t<div class=\"slide-content\" style=\"\">\n\t\t\t\t\t\t\t\t\t\t\t\t\t\t\t\t\t\t\t\t\t\t\t\t\t\t\t\t\t\t\t\t\t\t\t<\/div>\n\t\t\t\t\t\t\t<\/div>\n\t\t\t\t\t\t\t\t\t\t\t\t\t\t\t\t\t\t\t\t\t\t\t\t\t\t\t\t<div class=\"background background-image\" style=\"background-image: url(https:\/\/www.federalmermer.com\/wp-content\/uploads\/2016\/09\/home_slider333333333333333.jpg);max-width:100%;height:500px;filter: progid:DXImageTransform.Microsoft.AlphaImageLoader(src='https:\/\/www.federalmermer.com\/wp-content\/uploads\/2016\/09\/home_slider333333333333333.jpg', sizingMethod='scale');-ms-filter:'progid:DXImageTransform.Microsoft.AlphaImageLoader(src='https:\/\/www.federalmermer.com\/wp-content\/uploads\/2016\/09\/home_slider333333333333333.jpg', sizingMethod='scale')';\" data-imgwidth=\"1800\">\n\t\t\t\t\t\t\t\t\t\t\t\t\t\t\t\t\t\t\t\t\t\t\t\t\t\t\t\t\t\t\t\t\t\t\t\t\t\t\t\t\t\t\t\t\t\t\t\t<\/div>\n\t\t\t\t\t\t<\/li>\n\t\t\t\t\t\t\t\t\t\t\t\t<li data-mute=\"yes\" data-loop=\"yes\" data-autoplay=\"yes\">\n\t\t\t\t\t\t\t<div class=\"slide-content-container slide-content-left\" style=\"display: none;\">\n\t\t\t\t\t\t\t\t<div class=\"slide-content\" style=\"\">\n\t\t\t\t\t\t\t\t\t\t\t\t\t\t\t\t\t\t\t\t\t\t\t\t\t\t\t\t\t\t\t\t\t\t\t<\/div>\n\t\t\t\t\t\t\t<\/div>\n\t\t\t\t\t\t\t\t\t\t\t\t\t\t\t\t\t\t\t\t\t\t\t\t\t\t\t\t<div class=\"background background-image\" style=\"background-image: url(https:\/\/www.federalmermer.com\/wp-content\/uploads\/2016\/09\/federaLmain-22s.jpg);max-width:100%;height:500px;filter: progid:DXImageTransform.Microsoft.AlphaImageLoader(src='https:\/\/www.federalmermer.com\/wp-content\/uploads\/2016\/09\/federaLmain-22s.jpg', sizingMethod='scale');-ms-filter:'progid:DXImageTransform.Microsoft.AlphaImageLoader(src='https:\/\/www.federalmermer.com\/wp-content\/uploads\/2016\/09\/federaLmain-22s.jpg', sizingMethod='scale')';\" data-imgwidth=\"2000\">\n\t\t\t\t\t\t\t\t\t\t\t\t\t\t\t\t\t\t\t\t\t\t\t\t\t\t\t\t\t\t\t\t\t\t\t\t\t\t\t\t\t\t\t\t\t\t\t\t<\/div>\n\t\t\t\t\t\t<\/li>\n\t\t\t\t\t\t\t\t\t\t\t\t<li data-mute=\"yes\" data-loop=\"yes\" data-autoplay=\"yes\">\n\t\t\t\t\t\t\t<div class=\"slide-content-container slide-content-left\" style=\"display: none;\">\n\t\t\t\t\t\t\t\t<div class=\"slide-content\" style=\"\">\n\t\t\t\t\t\t\t\t\t\t\t\t\t\t\t\t\t\t\t\t\t\t\t\t\t\t\t\t\t\t\t\t\t\t\t<\/div>\n\t\t\t\t\t\t\t<\/div>\n\t\t\t\t\t\t\t\t\t\t\t\t\t\t\t\t\t\t\t\t\t\t\t\t\t\t\t\t<div class=\"background background-image\" style=\"background-image: url(https:\/\/www.federalmermer.com\/wp-content\/uploads\/2016\/09\/beycekoy-slider.jpg);max-width:100%;height:500px;filter: progid:DXImageTransform.Microsoft.AlphaImageLoader(src='https:\/\/www.federalmermer.com\/wp-content\/uploads\/2016\/09\/beycekoy-slider.jpg', sizingMethod='scale');-ms-filter:'progid:DXImageTransform.Microsoft.AlphaImageLoader(src='https:\/\/www.federalmermer.com\/wp-content\/uploads\/2016\/09\/beycekoy-slider.jpg', sizingMethod='scale')';\" data-imgwidth=\"2000\">\n\t\t\t\t\t\t\t\t\t\t\t\t\t\t\t\t\t\t\t\t\t\t\t\t\t\t\t\t\t\t\t\t\t\t\t\t\t\t\t\t\t\t\t\t\t\t\t\t<\/div>\n\t\t\t\t\t\t<\/li>\n\t\t\t\t\t\t\t\t\t\t\t<\/ul>\n\t\t\t\t<\/div>\n\t\t\t<\/div>\n\t\t<div class=\"fusion-title title fusion-title-size-two\" style=\"margin-top:0px;margin-bottom:30px;\"><h2 class=\"title-heading-left\">Ocaklar\u0131m\u0131z<\/h2><div class=\"title-sep-container\"><div class=\"title-sep sep-double\"><\/div><\/div><\/div><p>Ham madde \u00fcretimin temelidir. Kullan\u0131m alanlar\u0131 eski \u00e7a\u011flarda dayan\u0131kl\u0131l\u0131k sebebi ile sanatsal alanlarda kullan\u0131lan mermer , g\u00fcn\u00fcm\u00fczde in\u015faat sekt\u00f6r\u00fc , g\u00fczel sanatlar alan\u0131 ve dekorasyondur. En geni\u015f kullan\u0131m alan\u0131 in\u015faat sekt\u00f6r\u00fc te\u015fkil eder. Binalar\u0131n i\u00e7 kaplamalar\u0131 ,merdivenlerde, mutfak, \u015f\u00f6mine ve banyolarda ayr\u0131ca ta\u015f\u0131y\u0131c\u0131 kolon olarak kullan\u0131labilmektedir. Bunun yan\u0131 s\u0131ra masa, sehpa \u00fcr\u00fcnlerinin yap\u0131m\u0131nda \u00f6nemli miktarda \u00f6zellikle damarl\u0131 mermer ,renkli mermer, oniks mermeri t\u00fcketilmektedir.<\/p>\n<p>D\u00fcnyada mermer \u00fcr\u00fcnlerinin en yo\u011fun kullan\u0131ld\u0131\u011f\u0131 \u00fclke ABD ve Almanya\u2019d\u0131r, son y\u0131llarda uzak do\u011fu ve orta do\u011fu \u00fclkelerinde mermer t\u00fcketiminin artmakta oldu\u011fu g\u00f6zlenmektedir.<\/p>\n<div class=\"fusion-three-fourth fusion-layout-column fusion-spacing-yes\" style=\"margin-top:0px;margin-bottom:20px;\"><div class=\"fusion-column-wrapper\"><div class=\"fusion-title title fusion-title-size-two\" style=\"margin-top:0px;margin-bottom:30px;\"><h2 class=\"title-heading-left\">\u00dcr\u00fcn G\u00f6rsellerimiz<\/h2><div class=\"title-sep-container\"><div class=\"title-sep sep-double\"><\/div><\/div><\/div>\t\t\t<div class=\"fusion-slider-container fusion-slider-40 fixed-width-slider \" id=\"fusion-slider-sc-aaocak\" style=\"height: 500px; max-width: 500px;\">\n\t\t\t\t<style type=\"text\/css\" scoped=\"scoped\">\n\t\t\t\t.fusion-slider-40 .flex-direction-nav a {\n\t\t\t\t\twidth:63px;height:63px;line-height:63px;margin-top:-31.5px;font-size:25px;\t\t\t\t}\n                <\/style>\n\t\t\t\t<div class=\"fusion-slider-loading\">Loading...<\/div>\n\t\t\t\t<div class=\"tfs-slider flexslider main-flex fixed-width-slider\" data-slider_width=\"500px\" data-slider_height=\"500px\" data-full_screen=\"0\" data-parallax=\"0\" data-nav_arrows=\"1\" data-nav_box_width=\"63px\" data-nav_box_height=\"63px\" data-nav_arrow_size=\"25px\" data-pagination_circles=\"0\" data-autoplay=\"1\" data-loop=\"0\" data-animation=\"fade\" data-slideshow_speed=\"7000\" data-animation_speed=\"600\" data-typo_sensitivity=\"1\" data-typo_factor=\"1.5\" style=\"max-width: 500px;\">\n\t\t\t\t\t<ul class=\"slides\">\n\t\t\t\t\t\t\t\t\t\t\t\t<li data-mute=\"yes\" data-loop=\"yes\" data-autoplay=\"yes\">\n\t\t\t\t\t\t\t<div class=\"slide-content-container slide-content-left\" style=\"display: none;\">\n\t\t\t\t\t\t\t\t<div class=\"slide-content\" style=\"\">\n\t\t\t\t\t\t\t\t\t\t\t\t\t\t\t\t\t\t\t\t\t\t\t\t\t\t\t\t\t\t\t\t\t\t\t<\/div>\n\t\t\t\t\t\t\t<\/div>\n\t\t\t\t\t\t\t\t\t\t\t\t\t\t\t\t\t\t\t\t\t\t\t\t\t\t\t\t<div class=\"background background-image\" style=\"background-image: url(https:\/\/www.federalmermer.com\/wp-content\/uploads\/2016\/09\/golden-river-e1435247053520.jpg);max-width:500px;height:500px;filter: progid:DXImageTransform.Microsoft.AlphaImageLoader(src='https:\/\/www.federalmermer.com\/wp-content\/uploads\/2016\/09\/golden-river-e1435247053520.jpg', sizingMethod='scale');-ms-filter:'progid:DXImageTransform.Microsoft.AlphaImageLoader(src='https:\/\/www.federalmermer.com\/wp-content\/uploads\/2016\/09\/golden-river-e1435247053520.jpg', sizingMethod='scale')';\" data-imgwidth=\"400\">\n\t\t\t\t\t\t\t\t\t\t\t\t\t\t\t\t\t\t\t\t\t\t\t\t\t\t\t\t\t\t\t\t\t\t\t\t\t\t\t\t\t\t\t\t\t\t\t\t<\/div>\n\t\t\t\t\t\t<\/li>\n\t\t\t\t\t\t\t\t\t\t\t\t<li data-mute=\"yes\" data-loop=\"yes\" data-autoplay=\"yes\">\n\t\t\t\t\t\t\t<div class=\"slide-content-container slide-content-left\" style=\"display: none;\">\n\t\t\t\t\t\t\t\t<div class=\"slide-content\" style=\"\">\n\t\t\t\t\t\t\t\t\t\t\t\t\t\t\t\t\t\t\t\t\t\t\t\t\t\t\t\t\t\t\t\t\t\t\t<\/div>\n\t\t\t\t\t\t\t<\/div>\n\t\t\t\t\t\t\t\t\t\t\t\t\t\t\t\t\t\t\t\t\t\t\t\t\t\t\t\t<div class=\"background background-image\" style=\"background-image: url(https:\/\/www.federalmermer.com\/wp-content\/uploads\/2016\/09\/golden-rose-e1435247017250.jpg);max-width:500px;height:500px;filter: progid:DXImageTransform.Microsoft.AlphaImageLoader(src='https:\/\/www.federalmermer.com\/wp-content\/uploads\/2016\/09\/golden-rose-e1435247017250.jpg', sizingMethod='scale');-ms-filter:'progid:DXImageTransform.Microsoft.AlphaImageLoader(src='https:\/\/www.federalmermer.com\/wp-content\/uploads\/2016\/09\/golden-rose-e1435247017250.jpg', sizingMethod='scale')';\" data-imgwidth=\"400\">\n\t\t\t\t\t\t\t\t\t\t\t\t\t\t\t\t\t\t\t\t\t\t\t\t\t\t\t\t\t\t\t\t\t\t\t\t\t\t\t\t\t\t\t\t\t\t\t\t<\/div>\n\t\t\t\t\t\t<\/li>\n\t\t\t\t\t\t\t\t\t\t\t\t<li data-mute=\"yes\" data-loop=\"yes\" data-autoplay=\"yes\">\n\t\t\t\t\t\t\t<div class=\"slide-content-container slide-content-left\" style=\"display: none;\">\n\t\t\t\t\t\t\t\t<div class=\"slide-content\" style=\"\">\n\t\t\t\t\t\t\t\t\t\t\t\t\t\t\t\t\t\t\t\t\t\t\t\t\t\t\t\t\t\t\t\t\t\t\t<\/div>\n\t\t\t\t\t\t\t<\/div>\n\t\t\t\t\t\t\t\t\t\t\t\t\t\t\t\t\t\t\t\t\t\t\t\t\t\t\t\t<div class=\"background background-image\" style=\"background-image: url(https:\/\/www.federalmermer.com\/wp-content\/uploads\/2016\/09\/lotus-e1435247002506.jpg);max-width:500px;height:500px;filter: progid:DXImageTransform.Microsoft.AlphaImageLoader(src='https:\/\/www.federalmermer.com\/wp-content\/uploads\/2016\/09\/lotus-e1435247002506.jpg', sizingMethod='scale');-ms-filter:'progid:DXImageTransform.Microsoft.AlphaImageLoader(src='https:\/\/www.federalmermer.com\/wp-content\/uploads\/2016\/09\/lotus-e1435247002506.jpg', sizingMethod='scale')';\" data-imgwidth=\"400\">\n\t\t\t\t\t\t\t\t\t\t\t\t\t\t\t\t\t\t\t\t\t\t\t\t\t\t\t\t\t\t\t\t\t\t\t\t\t\t\t\t\t\t\t\t\t\t\t\t<\/div>\n\t\t\t\t\t\t<\/li>\n\t\t\t\t\t\t\t\t\t\t\t\t<li data-mute=\"yes\" data-loop=\"yes\" data-autoplay=\"yes\">\n\t\t\t\t\t\t\t<div class=\"slide-content-container slide-content-left\" style=\"display: none;\">\n\t\t\t\t\t\t\t\t<div class=\"slide-content\" style=\"\">\n\t\t\t\t\t\t\t\t\t\t\t\t\t\t\t\t\t\t\t\t\t\t\t\t\t\t\t\t\t\t\t\t\t\t\t<\/div>\n\t\t\t\t\t\t\t<\/div>\n\t\t\t\t\t\t\t\t\t\t\t\t\t\t\t\t\t\t\t\t\t\t\t\t\t\t\t\t<div class=\"background background-image\" style=\"background-image: url(https:\/\/www.federalmermer.com\/wp-content\/uploads\/2016\/09\/maya-a-e1435246991201.jpg);max-width:500px;height:500px;filter: progid:DXImageTransform.Microsoft.AlphaImageLoader(src='https:\/\/www.federalmermer.com\/wp-content\/uploads\/2016\/09\/maya-a-e1435246991201.jpg', sizingMethod='scale');-ms-filter:'progid:DXImageTransform.Microsoft.AlphaImageLoader(src='https:\/\/www.federalmermer.com\/wp-content\/uploads\/2016\/09\/maya-a-e1435246991201.jpg', sizingMethod='scale')';\" data-imgwidth=\"400\">\n\t\t\t\t\t\t\t\t\t\t\t\t\t\t\t\t\t\t\t\t\t\t\t\t\t\t\t\t\t\t\t\t\t\t\t\t\t\t\t\t\t\t\t\t\t\t\t\t<\/div>\n\t\t\t\t\t\t<\/li>\n\t\t\t\t\t\t\t\t\t\t\t\t<li data-mute=\"yes\" data-loop=\"yes\" data-autoplay=\"yes\">\n\t\t\t\t\t\t\t<div class=\"slide-content-container slide-content-left\" style=\"display: none;\">\n\t\t\t\t\t\t\t\t<div class=\"slide-content\" style=\"\">\n\t\t\t\t\t\t\t\t\t\t\t\t\t\t\t\t\t\t\t\t\t\t\t\t\t\t\t\t\t\t\t\t\t\t\t<\/div>\n\t\t\t\t\t\t\t<\/div>\n\t\t\t\t\t\t\t\t\t\t\t\t\t\t\t\t\t\t\t\t\t\t\t\t\t\t\t\t<div class=\"background background-image\" style=\"background-image: url(https:\/\/www.federalmermer.com\/wp-content\/uploads\/2016\/09\/maya-b-e1435246971957.jpg);max-width:500px;height:500px;filter: progid:DXImageTransform.Microsoft.AlphaImageLoader(src='https:\/\/www.federalmermer.com\/wp-content\/uploads\/2016\/09\/maya-b-e1435246971957.jpg', sizingMethod='scale');-ms-filter:'progid:DXImageTransform.Microsoft.AlphaImageLoader(src='https:\/\/www.federalmermer.com\/wp-content\/uploads\/2016\/09\/maya-b-e1435246971957.jpg', sizingMethod='scale')';\" data-imgwidth=\"400\">\n\t\t\t\t\t\t\t\t\t\t\t\t\t\t\t\t\t\t\t\t\t\t\t\t\t\t\t\t\t\t\t\t\t\t\t\t\t\t\t\t\t\t\t\t\t\t\t\t<\/div>\n\t\t\t\t\t\t<\/li>\n\t\t\t\t\t\t\t\t\t\t\t\t<li data-mute=\"yes\" data-loop=\"yes\" data-autoplay=\"yes\">\n\t\t\t\t\t\t\t<div class=\"slide-content-container slide-content-left\" style=\"display: none;\">\n\t\t\t\t\t\t\t\t<div class=\"slide-content\" style=\"\">\n\t\t\t\t\t\t\t\t\t\t\t\t\t\t\t\t\t\t\t\t\t\t\t\t\t\t\t\t\t\t\t\t\t\t\t<\/div>\n\t\t\t\t\t\t\t<\/div>\n\t\t\t\t\t\t\t\t\t\t\t\t\t\t\t\t\t\t\t\t\t\t\t\t\t\t\t\t<div class=\"background background-image\" style=\"background-image: url(https:\/\/www.federalmermer.com\/wp-content\/uploads\/2016\/09\/mystc-e1435246953633.jpg);max-width:500px;height:500px;filter: progid:DXImageTransform.Microsoft.AlphaImageLoader(src='https:\/\/www.federalmermer.com\/wp-content\/uploads\/2016\/09\/mystc-e1435246953633.jpg', sizingMethod='scale');-ms-filter:'progid:DXImageTransform.Microsoft.AlphaImageLoader(src='https:\/\/www.federalmermer.com\/wp-content\/uploads\/2016\/09\/mystc-e1435246953633.jpg', sizingMethod='scale')';\" data-imgwidth=\"400\">\n\t\t\t\t\t\t\t\t\t\t\t\t\t\t\t\t\t\t\t\t\t\t\t\t\t\t\t\t\t\t\t\t\t\t\t\t\t\t\t\t\t\t\t\t\t\t\t\t<\/div>\n\t\t\t\t\t\t<\/li>\n\t\t\t\t\t\t\t\t\t\t\t\t<li data-mute=\"yes\" data-loop=\"yes\" data-autoplay=\"yes\">\n\t\t\t\t\t\t\t<div class=\"slide-content-container slide-content-left\" style=\"display: none;\">\n\t\t\t\t\t\t\t\t<div class=\"slide-content\" style=\"\">\n\t\t\t\t\t\t\t\t\t\t\t\t\t\t\t\t\t\t\t\t\t\t\t\t\t\t\t\t\t\t\t\t\t\t\t<\/div>\n\t\t\t\t\t\t\t<\/div>\n\t\t\t\t\t\t\t\t\t\t\t\t\t\t\t\t\t\t\t\t\t\t\t\t\t\t\t\t<div class=\"background background-image\" style=\"background-image: url(https:\/\/www.federalmermer.com\/wp-content\/uploads\/2016\/09\/mystic-white-e1435246936928.jpg);max-width:500px;height:500px;filter: progid:DXImageTransform.Microsoft.AlphaImageLoader(src='https:\/\/www.federalmermer.com\/wp-content\/uploads\/2016\/09\/mystic-white-e1435246936928.jpg', sizingMethod='scale');-ms-filter:'progid:DXImageTransform.Microsoft.AlphaImageLoader(src='https:\/\/www.federalmermer.com\/wp-content\/uploads\/2016\/09\/mystic-white-e1435246936928.jpg', sizingMethod='scale')';\" data-imgwidth=\"400\">\n\t\t\t\t\t\t\t\t\t\t\t\t\t\t\t\t\t\t\t\t\t\t\t\t\t\t\t\t\t\t\t\t\t\t\t\t\t\t\t\t\t\t\t\t\t\t\t\t<\/div>\n\t\t\t\t\t\t<\/li>\n\t\t\t\t\t\t\t\t\t\t\t<\/ul>\n\t\t\t\t<\/div>\n\t\t\t<\/div>\n\t\t<div class=\"fusion-clearfix\"><\/div><\/div><\/div><div class=\"fusion-one-fourth fusion-layout-column fusion-column-last fusion-spacing-yes\" style=\"margin-top:0px;margin-bottom:20px;\"><div class=\"fusion-column-wrapper\"><div class=\"fusion-title title fusion-title-size-two\" style=\"margin-top:0px;margin-bottom:30px;\"><h2 class=\"title-heading-left\">Mermer \u00c7e\u015fitlerimiz<\/h2><div class=\"title-sep-container\"><div class=\"title-sep sep-double\"><\/div><\/div><\/div><ul class=\"fusion-checklist fusion-checklist-1\" style=\"font-size:13px;line-height:22.1px;\"><li class=\"fusion-li-item\"><span style=\"height:22.1px;width:22.1px;margin-right:9.1px;\" class=\"icon-wrapper circle-no\"><i class=\"fusion-li-icon fa fa-certificate\" style=\"color:#dd0000;\"><\/i><\/span><div class=\"fusion-li-item-content\" style=\"margin-left:31.2px;\">Lotus Cream<\/div><\/li><li class=\"fusion-li-item\"><span style=\"height:22.1px;width:22.1px;margin-right:9.1px;\" class=\"icon-wrapper circle-no\"><i class=\"fusion-li-icon fa fa-certificate\" style=\"color:#dd0000;\"><\/i><\/span><div class=\"fusion-li-item-content\" style=\"margin-left:31.2px;\">Lotus Beige Light<\/div><\/li><li class=\"fusion-li-item\"><span style=\"height:22.1px;width:22.1px;margin-right:9.1px;\" class=\"icon-wrapper circle-no\"><i class=\"fusion-li-icon fa fa-certificate\" style=\"color:#dd0000;\"><\/i><\/span><div class=\"fusion-li-item-content\" style=\"margin-left:31.2px;\">Lotus Rosalia<\/div><\/li><li class=\"fusion-li-item\"><span style=\"height:22.1px;width:22.1px;margin-right:9.1px;\" class=\"icon-wrapper circle-no\"><i class=\"fusion-li-icon fa fa-certificate\" style=\"color:#dd0000;\"><\/i><\/span><div class=\"fusion-li-item-content\" style=\"margin-left:31.2px;\">Golden Rose<\/div><\/li><li class=\"fusion-li-item\"><span style=\"height:22.1px;width:22.1px;margin-right:9.1px;\" class=\"icon-wrapper circle-no\"><i class=\"fusion-li-icon fa fa-certificate\" style=\"color:#dd0000;\"><\/i><\/span><div class=\"fusion-li-item-content\" style=\"margin-left:31.2px;\">Mystic Brown<\/div><\/li><li class=\"fusion-li-item\"><span style=\"height:22.1px;width:22.1px;margin-right:9.1px;\" class=\"icon-wrapper circle-no\"><i class=\"fusion-li-icon fa fa-certificate\" style=\"color:#dd0000;\"><\/i><\/span><div class=\"fusion-li-item-content\" style=\"margin-left:31.2px;\">Mystic White<\/div><\/li><li class=\"fusion-li-item\"><span style=\"height:22.1px;width:22.1px;margin-right:9.1px;\" class=\"icon-wrapper circle-no\"><i class=\"fusion-li-icon fa fa-certificate\" style=\"color:#dd0000;\"><\/i><\/span><div class=\"fusion-li-item-content\" style=\"margin-left:31.2px;\">Golden Beige<\/div><\/li><li class=\"fusion-li-item\"><span style=\"height:22.1px;width:22.1px;margin-right:9.1px;\" class=\"icon-wrapper circle-no\"><i class=\"fusion-li-icon fa fa-certificate\" style=\"color:#dd0000;\"><\/i><\/span><div class=\"fusion-li-item-content\" style=\"margin-left:31.2px;\">Doce Beige<\/div><\/li><li class=\"fusion-li-item\"><span style=\"height:22.1px;width:22.1px;margin-right:9.1px;\" class=\"icon-wrapper circle-no\"><i class=\"fusion-li-icon fa fa-certificate\" style=\"color:#dd0000;\"><\/i><\/span><div class=\"fusion-li-item-content\" style=\"margin-left:31.2px;\">Lilyum Beige<\/div><\/li><li class=\"fusion-li-item\"><span style=\"height:22.1px;width:22.1px;margin-right:9.1px;\" class=\"icon-wrapper circle-no\"><i class=\"fusion-li-icon fa fa-certificate\" style=\"color:#dd0000;\"><\/i><\/span><div class=\"fusion-li-item-content\" style=\"margin-left:31.2px;\">Maya Cream<\/div><\/li><li class=\"fusion-li-item\"><span style=\"height:22.1px;width:22.1px;margin-right:9.1px;\" class=\"icon-wrapper circle-no\"><i class=\"fusion-li-icon fa fa-certificate\" style=\"color:#dd0000;\"><\/i><\/span><div class=\"fusion-li-item-content\" style=\"margin-left:31.2px;\">Lotus Beige Dark<\/div><\/li><li class=\"fusion-li-item\"><span style=\"height:22.1px;width:22.1px;margin-right:9.1px;\" class=\"icon-wrapper circle-no\"><i class=\"fusion-li-icon fa fa-certificate\" style=\"color:#dd0000;\"><\/i><\/span><div class=\"fusion-li-item-content\" style=\"margin-left:31.2px;\">Beige Light<\/div><\/li><li class=\"fusion-li-item\"><span style=\"height:22.1px;width:22.1px;margin-right:9.1px;\" class=\"icon-wrapper circle-no\"><i class=\"fusion-li-icon fa fa-certificate\" style=\"color:#dd0000;\"><\/i><\/span><div class=\"fusion-li-item-content\" style=\"margin-left:31.2px;\">Beige Dark<\/div><\/li><li class=\"fusion-li-item\"><span style=\"height:22.1px;width:22.1px;margin-right:9.1px;\" class=\"icon-wrapper circle-no\"><i class=\"fusion-li-icon fa fa-certificate\" style=\"color:#dd0000;\"><\/i><\/span><div class=\"fusion-li-item-content\" style=\"margin-left:31.2px;\">Cream<\/div><\/li><\/ul><div class=\"fusion-clearfix\"><\/div><\/div><\/div><div class=\"fusion-clearfix\"><\/div><p>Federal Mermer, Beyce Lotus oca\u011f\u0131, Kavac\u0131k Lilyum oca\u011f\u0131, Ku\u015f\u00e7a Maya oca\u011f\u0131 ve \u00dcz\u00fcml\u00fc Doce ocaklar\u0131 olmak \u00fczere toplam 4 adet Beige mermer oca\u011f\u0131na sahiptir. Lotus Cream, Lotus Beige Light,Lotus beige,Lotus rosalia, Maya Cream, Golden rose,Belecoma Brescia ve Sultan Onyx ile d\u00fcnya pazar\u0131na giren Federal mermer, bu ta\u015flar\u0131n\u0131 ocaklar\u0131nda blok olarak ve Bilecik, Vezirhan\u2019daki fabrikas\u0131nda da fayans, ebatl\u0131 \u00fcr\u00fcn ve plaka olarak i\u015fleyip, m\u00fc\u015fterilerine cilal\u0131, cilas\u0131z, honlu ve esskitme se\u00e7enekleriyle sunulmaktad\u0131r. Bu \u00fcr\u00fcnleri \u00fcretim s\u0131ras\u0131nda ara kontrollerden, \u00fcretim sonrada da profesyonel seleksiyon ve kalite kontrol ekibinin son denetimden ge\u00e7irerek \u00f6zenle ambalajlanmakla birlikte TSE ve CE belgelerine de sahip bulunmaktay\u0131z. Yaln\u0131zca \u00fcr\u00fcnde de\u011fil ayn\u0131 zamanda \u00fcretim sisteminde de kalite anlay\u0131\u015f\u0131na \u00f6nem veren Federal Mermer, ISO 9001\/2008 belgesini de elinde bulundurmaktad\u0131r<\/p>\n<p>Beyce oca\u011f\u0131m\u0131zda Lotus oca\u011f\u0131m\u0131z 3 ekskavat\u00f6r , 2 lastik tekerlekli y\u00fckleyici ocak ekipmanlar\u0131 ile birlikte y\u0131ll\u0131k 12.000 m3 blok \u00fcretimi yap\u0131lmaktad\u0131r. \u00dcretim selleksiyonlar\u0131m\u0131z Lotus Cream, Lotus Beige Light, Lotus Beige Dark, Lotus Rosalia ve Golden Rose olmak \u00fczere be\u015f ana \u00e7e\u015fittir. Bu oca\u011f\u0131m\u0131zdaki Golden Rose ta\u015f\u0131n\u0131 \u00f6zellik ile \u00c7in Halk Cumhuriyeti taraf\u0131ndan blok olarak \u00e7ok b\u00fcy\u00fck talep g\u00f6rmektadir. Lotus Cream, Lotus Beige Light, Lotus Beige Dark, Lotus Rosalia ta\u015flar\u0131m\u0131zda ebatl\u0131 olarak se\u00e7kin yurt i\u00e7i ve yurt d\u0131\u015f\u0131 projelerinde kullan\u0131lmaktad\u0131r.<br \/>\n\u00dcz\u00fcml\u00fc Doce Beige oca\u011f\u0131m\u0131zda 1 ekskavat\u00f6r , 1 lastik tekerlekli y\u00fckleyici ocak ekipmanlar\u0131 ile birlikte y\u0131ll\u0131k 8000 m3 Doce Beige ta\u015f\u0131m\u0131z\u0131 \u00fcretmekteyiz. Bilecik fabrikam\u0131zda i\u015fledi\u011fimiz Doce Beige ta\u015f\u0131m\u0131z m\u00fc\u015fterilerimiz taraf\u0131ndan olduk\u00e7a yo\u011fun ilgi g\u00f6rmektedir.<br \/>\nKavac\u0131k Lillium Beige oca\u011f\u0131m\u0131z 2015 y\u0131l\u0131 4. Ay\u0131ndan itibaren aktif olarak faaliyete ge\u00e7mi\u015ftir. Lillium Beige ta\u015f\u0131m\u0131z ebatlanm\u0131\u015f ve blok olarak yo\u011fun ilgi g\u00f6rmektedir.<br \/>\nKu\u015f\u00e7a Maya oca\u011f\u0131m\u0131z her an \u00e7al\u0131\u015fmaya haz\u0131r \u015fekilde rezerve olarak bekletilmektedir.<\/p>\n<\/p>","protected":false},"excerpt":{"rendered":"","protected":false},"author":1,"featured_media":0,"parent":0,"menu_order":0,"comment_status":"closed","ping_status":"closed","template":"","meta":[],"_links":{"self":[{"href":"https:\/\/www.federalmermer.com\/index.php\/wp-json\/wp\/v2\/pages\/11748"}],"collection":[{"href":"https:\/\/www.federalmermer.com\/index.php\/wp-json\/wp\/v2\/pages"}],"about":[{"href":"https:\/\/www.federalmermer.com\/index.php\/wp-json\/wp\/v2\/types\/page"}],"author":[{"embeddable":true,"href":"https:\/\/www.federalmermer.com\/index.php\/wp-json\/wp\/v2\/users\/1"}],"replies":[{"embeddable":true,"href":"https:\/\/www.federalmermer.com\/index.php\/wp-json\/wp\/v2\/comments?post=11748"}],"version-history":[{"count":9,"href":"https:\/\/www.federalmermer.com\/index.php\/wp-json\/wp\/v2\/pages\/11748\/revisions"}],"predecessor-version":[{"id":11978,"href":"https:\/\/www.federalmermer.com\/index.php\/wp-json\/wp\/v2\/pages\/11748\/revisions\/11978"}],"wp:attachment":[{"href":"https:\/\/www.federalmermer.com\/index.php\/wp-json\/wp\/v2\/media?parent=11748"}],"curies":[{"name":"wp","href":"https:\/\/api.w.org\/{rel}","templated":true}]}}