{"id":11987,"date":"2017-01-08T21:16:36","date_gmt":"2017-01-08T19:16:36","guid":{"rendered":"http:\/\/www.federalmermer.com\/?page_id=11987"},"modified":"2017-01-08T21:16:36","modified_gmt":"2017-01-08T19:16:36","slug":"referanslar","status":"publish","type":"page","link":"https:\/\/www.federalmermer.com\/index.php\/referanslar\/","title":{"rendered":"Referanslar"},"content":{"rendered":"<div class=\"fusion-one-full fusion-layout-column fusion-column-last fusion-spacing-yes\" style=\"margin-top:0px;margin-bottom:20px;\"><div class=\"fusion-column-wrapper\"><ul>\n<li>UPHILL COURT ATA\u015eEH\u0130R<\/li>\n<li>UPH\u0130LL COURT BAH\u00c7E\u015eEH\u0130R<\/li>\n<li>AR\u0130F A\u011eA V\u0130LLALARI KANDIRA<\/li>\n<li>SU APARTMANI KADIK\u00d6Y<\/li>\n<li>AL\u0130YE HANIM KADIK\u00d6Y<\/li>\n<li>UPRISE MALTEPE<\/li>\n<li>UPC\u0130TY KARTAL<\/li>\n<li>S\u0130M APARTMANI KADIK\u00d6Y<\/li>\n<li>CAN APARTMANI KADIK\u00d6Y<\/li>\n<li>HOLD\u0130NG B\u0130NASI ATA\u015eEH\u0130R<\/li>\n<li>AVRUPA YAKASI ADALET SARAYI<\/li>\n<li>MER\u0130DYEN ATA\u015eEH\u0130R<\/li>\n<li>VAN ERC\u0130\u015e DEPREM KONUTLARI<\/li>\n<li>ALI\u015eVER\u0130\u015e MERKEZ\u0130 PEND\u0130K<\/li>\n<li>TRABZON ALI\u015eVER\u0130\u015e MERKEZ\u0130<\/li>\n<li>ATA\u015eEH\u0130R BELED\u0130YES\u0130 EK H\u0130ZMET B\u0130NASI<\/li>\n<li>N TOWERS ESENYURT<\/li>\n<li>AVANEU REZ\u0130DANS ESENYURT<\/li>\n<li>\u015e\u0130\u015eL\u0130 BELED\u0130YES\u0130 K\u00dcLT\u00dcR MERKEZ\u0130<\/li>\n<li>T\u00dcNEL PROJES\u0130 BEYO\u011eLU<\/li>\n<li>T\u00dcRKAN SAYLAN K\u00dcLT\u00dcR MERKEZ\u0130 MALTEPE<\/li>\n<li>GEBZE KONUTLARI GEBZE<\/li>\n<li>\u015eEKERPINAR ASMALI K\u00d6PR\u00dc \u00c7AYIROVA<\/li>\n<li>\u0130ZM\u0130T KADIN SI\u011eINMA EV\u0130 KOCAEL\u0130<\/li>\n<li>GEBZE \u0130\u015e MERKEZ\u0130<\/li>\n<li>OL\u0130MP\u0130A CAM GENEL M\u00dcD\u00dcRL\u00dc\u011e\u00dc GEBZE<\/li>\n<li>GEBZE TAPU DA\u0130RES\u0130 M\u00dcD\u00dcRL\u00dc\u011e\u00dc GEBZE<\/li>\n<li>GOSB M\u00dcD\u00dcRL\u00dc\u011e\u00dc EK B\u0130NASI GEBZE<\/li>\n<li>K\u00d6M\u00dcRC\u00dcLER S\u0130TES\u0130 B\u00d6LGE M\u00dcD\u00dcRL\u00dc\u011e\u00dc<\/li>\n<li>BAH\u00c7EL\u0130EVLER KONUT \u0130N\u015eAATI<\/li>\n<li>AROMSA FABR\u0130KASI EK H\u0130ZMET B\u0130NASI GEBZE<\/li>\n<li>STARGATE KONUTLARI ATA\u015eEH\u0130R<\/li>\n<li>GEBZE KONUTLARI GEBZE<\/li>\n<li>DARICA KONUTLARI DARICA<\/li>\n<li>GEBZE KONUTLARI GEBZE<\/li>\n<li>GEBZE KONUTLARI GEBZE<\/li>\n<li>50 YIL \u0130\u00d6O GEBZE<\/li>\n<li>ALMONDH\u0130LL KONUTLARI KADIK\u00d6Y<\/li>\n<li>\u0130\u00c7ERENK\u00d6Y KONUTLARI ATA\u015eEH\u0130R<\/li>\n<li>GEBZE \u0130\u015e MERKEZ\u0130<\/li>\n<li>ZEKER\u0130YAK\u00d6Y KONUTLARI SARIYER<\/li>\n<li>BEYAZCITY RESIDENCE BEYL\u0130KD\u00dcZ\u00dc<\/li>\n<li>\u00c7A\u011eLAYAN ADL\u0130YES\u0130<\/li>\n<li>A\u011eAO\u011eLU MYWORLD \u0130K\u0130TELL\u0130<\/li>\n<li>AKC\u0130TY KARTAL<\/li>\n<li>UPC\u0130TY YAKACIK<\/li>\n<\/ul>\n<div class=\"fusion-clearfix\"><\/div><\/div><\/div><div class=\"fusion-clearfix\"><\/div>\n","protected":false},"excerpt":{"rendered":"","protected":false},"author":1,"featured_media":0,"parent":0,"menu_order":0,"comment_status":"closed","ping_status":"closed","template":"","meta":[],"_links":{"self":[{"href":"https:\/\/www.federalmermer.com\/index.php\/wp-json\/wp\/v2\/pages\/11987"}],"collection":[{"href":"https:\/\/www.federalmermer.com\/index.php\/wp-json\/wp\/v2\/pages"}],"about":[{"href":"https:\/\/www.federalmermer.com\/index.php\/wp-json\/wp\/v2\/types\/page"}],"author":[{"embeddable":true,"href":"https:\/\/www.federalmermer.com\/index.php\/wp-json\/wp\/v2\/users\/1"}],"replies":[{"embeddable":true,"href":"https:\/\/www.federalmermer.com\/index.php\/wp-json\/wp\/v2\/comments?post=11987"}],"version-history":[{"count":2,"href":"https:\/\/www.federalmermer.com\/index.php\/wp-json\/wp\/v2\/pages\/11987\/revisions"}],"predecessor-version":[{"id":11989,"href":"https:\/\/www.federalmermer.com\/index.php\/wp-json\/wp\/v2\/pages\/11987\/revisions\/11989"}],"wp:attachment":[{"href":"https:\/\/www.federalmermer.com\/index.php\/wp-json\/wp\/v2\/media?parent=11987"}],"curies":[{"name":"wp","href":"https:\/\/api.w.org\/{rel}","templated":true}]}}