{"id":3678,"date":"2013-05-24T20:01:55","date_gmt":"2013-05-24T20:01:55","guid":{"rendered":"http:\/\/avada.theme-fusion.comxml\/?page_id=3678"},"modified":"2016-09-28T09:24:23","modified_gmt":"2016-09-28T06:24:23","slug":"about-me","status":"publish","type":"page","link":"https:\/\/www.federalmermer.com\/index.php\/about-me\/","title":{"rendered":"Hakk\u0131m\u0131zda"},"content":{"rendered":"<p>\t\t\t<div class=\"fusion-slider-container fusion-slider-39 full-width-slider \" id=\"fusion-slider-sc-aaakkmi\" style=\"height: 500px; max-width: 100%;\">\n\t\t\t\t<style type=\"text\/css\" scoped=\"scoped\">\n\t\t\t\t.fusion-slider-39 .flex-direction-nav a {\n\t\t\t\t\twidth:63px;height:63px;line-height:63px;margin-top:-31.5px;font-size:25px;\t\t\t\t}\n                <\/style>\n\t\t\t\t<div class=\"fusion-slider-loading\">Loading...<\/div>\n\t\t\t\t<div class=\"tfs-slider flexslider main-flex full-width-slider\" data-slider_width=\"100%\" data-slider_height=\"500px\" data-full_screen=\"0\" data-parallax=\"0\" data-nav_arrows=\"1\" data-nav_box_width=\"63px\" data-nav_box_height=\"63px\" data-nav_arrow_size=\"25px\" data-pagination_circles=\"0\" data-autoplay=\"1\" data-loop=\"0\" data-animation=\"fade\" data-slideshow_speed=\"7000\" data-animation_speed=\"600\" data-typo_sensitivity=\"1\" data-typo_factor=\"1.5\" style=\"max-width: 100%;\">\n\t\t\t\t\t<ul class=\"slides\">\n\t\t\t\t\t\t\t\t\t\t\t\t<li data-mute=\"yes\" data-loop=\"yes\" data-autoplay=\"yes\">\n\t\t\t\t\t\t\t<div class=\"slide-content-container slide-content-left\" style=\"display: none;\">\n\t\t\t\t\t\t\t\t<div class=\"slide-content\" style=\"\">\n\t\t\t\t\t\t\t\t\t\t\t\t\t\t\t\t\t\t\t\t\t\t\t\t\t\t\t\t\t\t\t\t\t\t\t<\/div>\n\t\t\t\t\t\t\t<\/div>\n\t\t\t\t\t\t\t\t\t\t\t\t\t\t\t\t\t\t\t\t\t\t\t\t\t\t\t\t<div class=\"background background-image\" style=\"background-image: url(https:\/\/www.federalmermer.com\/wp-content\/uploads\/2016\/09\/hak1.jpg);max-width:100%;height:500px;filter: progid:DXImageTransform.Microsoft.AlphaImageLoader(src='https:\/\/www.federalmermer.com\/wp-content\/uploads\/2016\/09\/hak1.jpg', sizingMethod='scale');-ms-filter:'progid:DXImageTransform.Microsoft.AlphaImageLoader(src='https:\/\/www.federalmermer.com\/wp-content\/uploads\/2016\/09\/hak1.jpg', sizingMethod='scale')';\" data-imgwidth=\"853\">\n\t\t\t\t\t\t\t\t\t\t\t\t\t\t\t\t\t\t\t\t\t\t\t\t\t\t\t\t\t\t\t\t\t\t\t\t\t\t\t\t\t\t\t\t\t\t\t\t<\/div>\n\t\t\t\t\t\t<\/li>\n\t\t\t\t\t\t\t\t\t\t\t\t<li data-mute=\"yes\" data-loop=\"yes\" data-autoplay=\"yes\">\n\t\t\t\t\t\t\t<div class=\"slide-content-container slide-content-left\" style=\"display: none;\">\n\t\t\t\t\t\t\t\t<div class=\"slide-content\" style=\"\">\n\t\t\t\t\t\t\t\t\t\t\t\t\t\t\t\t\t\t\t\t\t\t\t\t\t\t\t\t\t\t\t\t\t\t\t<\/div>\n\t\t\t\t\t\t\t<\/div>\n\t\t\t\t\t\t\t\t\t\t\t\t\t\t\t\t\t\t\t\t\t\t\t\t\t\t\t\t<div class=\"background background-image\" style=\"background-image: url(https:\/\/www.federalmermer.com\/wp-content\/uploads\/2016\/09\/hak2.jpg);max-width:100%;height:500px;filter: progid:DXImageTransform.Microsoft.AlphaImageLoader(src='https:\/\/www.federalmermer.com\/wp-content\/uploads\/2016\/09\/hak2.jpg', sizingMethod='scale');-ms-filter:'progid:DXImageTransform.Microsoft.AlphaImageLoader(src='https:\/\/www.federalmermer.com\/wp-content\/uploads\/2016\/09\/hak2.jpg', sizingMethod='scale')';\" data-imgwidth=\"1365\">\n\t\t\t\t\t\t\t\t\t\t\t\t\t\t\t\t\t\t\t\t\t\t\t\t\t\t\t\t\t\t\t\t\t\t\t\t\t\t\t\t\t\t\t\t\t\t\t\t<\/div>\n\t\t\t\t\t\t<\/li>\n\t\t\t\t\t\t\t\t\t\t\t\t<li data-mute=\"yes\" data-loop=\"yes\" data-autoplay=\"yes\">\n\t\t\t\t\t\t\t<div class=\"slide-content-container slide-content-left\" style=\"display: none;\">\n\t\t\t\t\t\t\t\t<div class=\"slide-content\" style=\"\">\n\t\t\t\t\t\t\t\t\t\t\t\t\t\t\t\t\t\t\t\t\t\t\t\t\t\t\t\t\t\t\t\t\t\t\t<\/div>\n\t\t\t\t\t\t\t<\/div>\n\t\t\t\t\t\t\t\t\t\t\t\t\t\t\t\t\t\t\t\t\t\t\t\t\t\t\t\t<div class=\"background background-image\" style=\"background-image: url(https:\/\/www.federalmermer.com\/wp-content\/uploads\/2016\/09\/hak3.jpg);max-width:100%;height:500px;filter: progid:DXImageTransform.Microsoft.AlphaImageLoader(src='https:\/\/www.federalmermer.com\/wp-content\/uploads\/2016\/09\/hak3.jpg', sizingMethod='scale');-ms-filter:'progid:DXImageTransform.Microsoft.AlphaImageLoader(src='https:\/\/www.federalmermer.com\/wp-content\/uploads\/2016\/09\/hak3.jpg', sizingMethod='scale')';\" data-imgwidth=\"1365\">\n\t\t\t\t\t\t\t\t\t\t\t\t\t\t\t\t\t\t\t\t\t\t\t\t\t\t\t\t\t\t\t\t\t\t\t\t\t\t\t\t\t\t\t\t\t\t\t\t<\/div>\n\t\t\t\t\t\t<\/li>\n\t\t\t\t\t\t\t\t\t\t\t\t<li data-mute=\"yes\" data-loop=\"yes\" data-autoplay=\"yes\">\n\t\t\t\t\t\t\t<div class=\"slide-content-container slide-content-left\" style=\"display: none;\">\n\t\t\t\t\t\t\t\t<div class=\"slide-content\" style=\"\">\n\t\t\t\t\t\t\t\t\t\t\t\t\t\t\t\t\t\t\t\t\t\t\t\t\t\t\t\t\t\t\t\t\t\t\t<\/div>\n\t\t\t\t\t\t\t<\/div>\n\t\t\t\t\t\t\t\t\t\t\t\t\t\t\t\t\t\t\t\t\t\t\t\t\t\t\t\t<div class=\"background background-image\" style=\"background-image: url(https:\/\/www.federalmermer.com\/wp-content\/uploads\/2016\/09\/hak4.jpg);max-width:100%;height:500px;filter: progid:DXImageTransform.Microsoft.AlphaImageLoader(src='https:\/\/www.federalmermer.com\/wp-content\/uploads\/2016\/09\/hak4.jpg', sizingMethod='scale');-ms-filter:'progid:DXImageTransform.Microsoft.AlphaImageLoader(src='https:\/\/www.federalmermer.com\/wp-content\/uploads\/2016\/09\/hak4.jpg', sizingMethod='scale')';\" data-imgwidth=\"1365\">\n\t\t\t\t\t\t\t\t\t\t\t\t\t\t\t\t\t\t\t\t\t\t\t\t\t\t\t\t\t\t\t\t\t\t\t\t\t\t\t\t\t\t\t\t\t\t\t\t<\/div>\n\t\t\t\t\t\t<\/li>\n\t\t\t\t\t\t\t\t\t\t\t\t<li data-mute=\"yes\" data-loop=\"yes\" data-autoplay=\"yes\">\n\t\t\t\t\t\t\t<div class=\"slide-content-container slide-content-left\" style=\"display: none;\">\n\t\t\t\t\t\t\t\t<div class=\"slide-content\" style=\"\">\n\t\t\t\t\t\t\t\t\t\t\t\t\t\t\t\t\t\t\t\t\t\t\t\t\t\t\t\t\t\t\t\t\t\t\t<\/div>\n\t\t\t\t\t\t\t<\/div>\n\t\t\t\t\t\t\t\t\t\t\t\t\t\t\t\t\t\t\t\t\t\t\t\t\t\t\t\t<div class=\"background background-image\" style=\"background-image: url(https:\/\/www.federalmermer.com\/wp-content\/uploads\/2016\/09\/hak5.jpg);max-width:100%;height:500px;filter: progid:DXImageTransform.Microsoft.AlphaImageLoader(src='https:\/\/www.federalmermer.com\/wp-content\/uploads\/2016\/09\/hak5.jpg', sizingMethod='scale');-ms-filter:'progid:DXImageTransform.Microsoft.AlphaImageLoader(src='https:\/\/www.federalmermer.com\/wp-content\/uploads\/2016\/09\/hak5.jpg', sizingMethod='scale')';\" data-imgwidth=\"853\">\n\t\t\t\t\t\t\t\t\t\t\t\t\t\t\t\t\t\t\t\t\t\t\t\t\t\t\t\t\t\t\t\t\t\t\t\t\t\t\t\t\t\t\t\t\t\t\t\t<\/div>\n\t\t\t\t\t\t<\/li>\n\t\t\t\t\t\t\t\t\t\t\t<\/ul>\n\t\t\t\t<\/div>\n\t\t\t<\/div>\n\t\t<div class=\"fusion-sep-clear\"><\/div><div class=\"fusion-separator fusion-full-width-sep sep-none\" style=\"border-color:#e0dede;margin-left: auto;margin-right: auto;margin-top:;\"><\/div><div class=\"fusion-one-half fusion-layout-column fusion-spacing-yes\" style=\"margin-top:0px;margin-bottom:20px;\"><div class=\"fusion-column-wrapper\"><div class=\"fusion-title title fusion-title-size-two\" style=\"margin-top:0px;margin-bottom:30px;\"><h2 class=\"title-heading-left\">Federal Mermer<\/h2><div class=\"title-sep-container\"><div class=\"title-sep sep-double\"><\/div><\/div><\/div><p>Do\u011fal ta\u015flarda gizlenmi\u015f g\u00fczellikler, insano\u011flunun yarat\u0131c\u0131 zekas\u0131yla birle\u015fip, g\u00fcn \u0131\u015f\u0131\u011f\u0131na \u00e7\u0131kt\u0131 ve ya\u015fam\u0131 renklendirdi.<\/p>\n<p>D\u00fcnyan\u0131n en eski mermer \u00fcreticisi olan Anadolu insan\u0131, Anadolu\u2019nun zengin renk ve dokudaki mermer rezervlerini, tarih boyunca insanl\u0131\u011f\u0131n hizmetine sundu. Anadolu ta\u015flar\u0131 ile olu\u015fturulan yap\u0131lar, an\u0131tlar bug\u00fcn bile insanl\u0131k tarihinin gurur kayna\u011f\u0131 olmaya devam etmektedir.<\/p>\n<p>\u00dclkemizde 5,3 milyar m3 oldu\u011fu tahmin edilen mermer rezervleriyle, mermer \u00fcretimi a\u00e7\u0131s\u0131ndan d\u00fcnyada lider olmaya aday.<\/p>\n<p>Federal Group \u00fclkemizde bulunan bu potansiyeli de\u011ferlendirmek ve Anadolu gelene\u011fini s\u00fcrd\u00fcrmek amac\u0131 ile 1998 y\u0131l\u0131nda federal mermer ad\u0131yla bu sekt\u00f6re yat\u0131r\u0131m yapmaya karar vermi\u015ftir.<\/p>\n<p>Kuruldu\u011fu tarihten bug\u00fcne kadar \u00e7e\u015fitli uluslararas\u0131 fuarlara kat\u0131lan Federal Mermer, d\u00fcnya piyasas\u0131n\u0131n isteklerini yak\u0131ndan izlemi\u015ftir. Elinde bulundurdu\u011fu \u00fcr\u00fcn portf\u00f6y\u00fcn\u00fc bu do\u011frultuda geli\u015ftirerek, m\u00fc\u015fterileri i\u00e7in daha fazla se\u00e7enek sunmay\u0131 ba\u015farm\u0131\u015ft\u0131r.<\/p>\n<div class=\"fusion-clearfix\"><\/div><\/div><\/div><div class=\"fusion-one-half fusion-layout-column fusion-column-last fusion-spacing-yes\" style=\"margin-top:0px;margin-bottom:20px;\"><div class=\"fusion-column-wrapper\"><div class=\"fusion-title title fusion-title-size-two\" style=\"margin-top:0px;margin-bottom:30px;\"><h2 class=\"title-heading-left\">Biz Kimiz<\/h2><div class=\"title-sep-container\"><div class=\"title-sep sep-double\"><\/div><\/div><\/div><div class=\"fusion-title title fusion-title-size-three\" style=\"margin-top:0px;margin-bottom:30px;\"><h3 class=\"title-heading-left\">Misyonumuz<\/h3><div class=\"title-sep-container\"><div class=\"title-sep sep-double\"><\/div><\/div><\/div><p>Her y\u0131l kat\u0131ld\u0131\u011f\u0131m\u0131z uluslararas\u0131 fuarlarda markam\u0131z ad\u0131n\u0131 yak\u0131\u015f\u0131r, kusursuz \u00fcr\u00fcnlerimizi d\u00fcnya piyasas\u0131na sunuyoruz. Sahip oldu\u011fumuz misyonun fark\u0131nda olarak hareket ediyor, b\u00fcnyemize katt\u0131\u011f\u0131m\u0131z son teknoloji \u00fcr\u00fcn\u00fc makinelerle yat\u0131r\u0131mlar\u0131m\u0131za devam ederek hakl\u0131 ba\u015far\u0131m\u0131z\u0131n gerekenlerini yerine getiriyoruz<\/p>\n<div class=\"fusion-title title fusion-title-size-three\" style=\"margin-top:0px;margin-bottom:30px;\"><h3 class=\"title-heading-left\">Vizyonumuz<\/h3><div class=\"title-sep-container\"><div class=\"title-sep sep-double\"><\/div><\/div><\/div><p>Federal Mermer olarak biz, mermerin g\u00f6rsel ihti\u015fam\u0131n\u0131 kalitesiyle birle\u015ftirerek \u00fcretiminin %80\u2019ini ihra\u00e7 ediyoruz.\u0130\u015f Hacmindeki ba\u015far\u0131m\u0131z\u0131 kendimizi s\u00fcrekli geli\u015ftiren kurumsal yap\u0131m\u0131zla ta\u00e7land\u0131r\u0131yoruz. Bu y\u00fczden 30\u2019u a\u015fk\u0131n \u00fclkenin mermerdeki tercihiz<\/p>\n<div class=\"fusion-clearfix\"><\/div><\/div><\/div><div class=\"fusion-clearfix\"><\/div><div class=\"fusion-title title fusion-title-size-two\" style=\"margin-top:0px;margin-bottom:30px;\"><h2 class=\"title-heading-left\">Neden Biz<\/h2><div class=\"title-sep-container\"><div class=\"title-sep sep-double\"><\/div><\/div><\/div><div class=\"fusion-progressbar fusion-progressbar-text-on-bar\"><div style=\"background-color:#f6f6f6;height:37px;\" class=\"fusion-progressbar-bar progress-bar\"><div class=\"progress progress-bar-content\" style=\"width:0%;background-color:#e10707;border: 0px solid #ffffff;\" role=\"progressbar\" aria-valuemin=\"0\" aria-valuemax=\"100\" aria-valuenow=\"60\"><\/div><\/div> <span class=\"progress-title\" style=\"color:#ffffff;\"><span class=\"fusion-progressbar-text\">% 80 \u0130hracat Kapasitesi<\/span> <\/span><\/div><div class=\"fusion-progressbar fusion-progressbar-text-on-bar\"><div style=\"background-color:#f6f6f6;height:37px;\" class=\"fusion-progressbar-bar progress-bar\"><div class=\"progress progress-bar-content\" style=\"width:0%;background-color:#e10707;border: 0px solid #ffffff;\" role=\"progressbar\" aria-valuemin=\"0\" aria-valuemax=\"100\" aria-valuenow=\"70\"><\/div><\/div> <span class=\"progress-title\" style=\"color:#ffffff;\"><span class=\"fusion-progressbar-text\">30\u2019u A\u015fk\u0131n \u00dclkeye Eri\u015fim<\/span> <\/span><\/div><div class=\"fusion-progressbar fusion-progressbar-text-on-bar\"><div style=\"background-color:#f6f6f6;height:37px;\" class=\"fusion-progressbar-bar progress-bar\"><div class=\"progress progress-bar-content\" style=\"width:0%;background-color:#e10707;border: 0px solid #ffffff;\" role=\"progressbar\" aria-valuemin=\"0\" aria-valuemax=\"100\" aria-valuenow=\"80\"><\/div><\/div> <span class=\"progress-title\" style=\"color:#ffffff;\"><span class=\"fusion-progressbar-text\">1.000.000 m\u00b2 Y\u0131ll\u0131k \u00dcretim<\/span> <\/span><\/div><div class=\"fusion-progressbar fusion-progressbar-text-on-bar\"><div style=\"background-color:#f6f6f6;height:37px;\" class=\"fusion-progressbar-bar progress-bar\"><div class=\"progress progress-bar-content\" style=\"width:0%;background-color:#e10707;border: 0px solid #ffffff;\" role=\"progressbar\" aria-valuemin=\"0\" aria-valuemax=\"100\" aria-valuenow=\"90\"><\/div><\/div> <span class=\"progress-title\" style=\"color:#ffffff;\"><span class=\"fusion-progressbar-text\">Sekt\u00f6r\u00fcnde Lider Marka<\/span> <\/span><\/div><div class=\"fusion-sep-clear\"><\/div><div class=\"fusion-separator fusion-full-width-sep sep-none\" style=\"border-color:#e0dede;margin-left: auto;margin-right: auto;margin-top:30px;\"><\/div><div class=\"fusion-title title fusion-title-size-two\" style=\"margin-top:0px;margin-bottom:30px;\"><h2 class=\"title-heading-left\">Kurumsal<\/h2><div class=\"title-sep-container\"><div class=\"title-sep sep-double\"><\/div><\/div><\/div><p>Uygulanan kalite sistemiyle t\u00fcm prosesleri kontrol alt\u0131na alarak, m\u00fc\u015fterilerimize hatas\u0131z \u00fcr\u00fcnler sunmaktad\u0131r. Bu \u00fcr\u00fcnler, imalat ve seleksiyonda g\u00f6sterilen titzlikle, d\u00fcnyan\u0131n be\u011fenisini kazanm\u0131\u015f dev projelerde yer almaktad\u0131r. Federal Mermer, \u00fcretimde verimlili\u011fin, miktar kayg\u0131s\u0131 olmaks\u0131z\u0131n, pazar\u0131n ve m\u00fc\u015fteri talebinin de\u011ferlendirildi\u011fi, s\u00fcrekli iyile\u015ftirme anlay\u0131\u015f\u0131na ba\u011fl\u0131 olarak, iyi bir \u00e7al\u0131\u015fma ortam\u0131nda sa\u011flanabilece\u011fine inanmaktad\u0131r.<\/p>\n<p>G\u00fcn\u00fcmzde yapm\u0131\u015f oldu\u011fumuz \u00fcretimin y\u00fczde 80\u2019ini ihra\u00e7 eden Federal Mermer Anadolu mermerinin d\u00fcnyaya tan\u0131t\u0131lmas\u0131 ve sunulmas\u0131 konusunda \u00f6nemli bir rol alm\u0131\u015ft\u0131r. Ge\u00e7mi\u015fin zengin miras\u0131n\u0131 hatas\u0131z \u00fcretimiyle, gelecek nesillere aktarmay\u0131 s\u00fcrd\u00fcrmeyi hedeflemi\u015ftir.<\/p>\n<p>Federal Mermer, ta\u015f ile insan aras\u0131ndaki binlerce y\u0131ll\u0131k uyumun gelecekte de s\u00fcrece\u011fine ve insan eliyle y\u00fckselen \u00e7a\u011fda\u015f kentlerin bu topraklardan \u00e7\u0131kar\u0131lan mermerin \u00f6yk\u00fcs\u00fc ile yeni nesillere ta\u015f\u0131naca\u011f\u0131na inanmaktad\u0131r.<\/p>\n<p>Federal Mermer,, 1998 y\u0131l\u0131nda Bilecik\u2019te 10.000 m2\u2019si kapal\u0131 olmak \u00fczere,70.000 m2\u2019lik alana, en son avrupa teknolojisi ile kurulan modern fabrikas\u0131nda; 3 adet 80 lamal\u0131 katrak, 9 adet ST, plaka hatt\u0131, fayans hatt\u0131, serbest silim hatt\u0131, 3 adet yatay yarma, ? adet k\u00f6pr\u00fc kesme, 4 adet kafa kesme, al\u0131n pah cila makinesi, yan kesme makinesi, bantl\u0131 dilme makinesi ve modern bir ar\u0131tma tesisinden olu\u015fan makine park\u0131 ile kaliteli \u00fcr\u00fcn ve hizmet \u00fcretme imkan\u0131na sahiptir.<\/p>\n<p>Bloklar, tesislerimizde 80 lamal\u0131 katraklarda kesilerek plaka haline getirilmekte ve g\u00fcnl\u00fck kapasitesi 1300m2 oln, 24 kafal\u0131 plaka hatt\u0131nda cilalanmaktad\u0131r. Son olarak da m\u00fc\u015fteri istekleri do\u011frultusunda, k\u00f6pr\u00fc kesme makinelerinde istenilen boyutlarda i\u015flenmektedir. ST\u2019lerde kesilen bloklardan elde edilen stripler serbest slim hatt\u0131nda ebatl\u0131 \u00fcr\u00fcn olarak \u00fcretilmektedir.<\/p>\n<p>Ana politakas\u0131 m\u00fc\u015fteri memnuniyeti \u00fczerine kurulan Federal Mermer bu politikas\u0131n\u0131 sahip oldu\u011fu en son teknolojiyle birle\u015ftirerek, k\u0131sa s\u00fcrede sekt\u00f6r\u00fcn \u00f6nde gelen firmalar\u0131 aras\u0131na girmi\u015ftir.<\/p>\n<p>Federal Mermer, y\u0131ll\u0131k 1.000.000 m2 \u00fcretim kapasitesi ile kuruldu\u011fu g\u00fcnden bu yana, h\u0131zl\u0131 geli\u015fim g\u00f6stermi\u015ftir. Artan m\u00fc\u015fteri taleplerini kar\u015f\u0131layabilmek i\u00e7in, ocaklar\u0131nda ve fabriklar\u0131nda yeni makine yat\u0131r\u0131mlar\u0131na girmi\u015f, planlad\u0131\u011f\u0131 yat\u0131r\u0131mlar\u0131 ger\u00e7ekle\u015ftirmek i\u00e7in \u00e7al\u0131\u015fmalar\u0131n\u0131 h\u0131zland\u0131rm\u0131\u015ft\u0131r.<\/p>\n<p>Federal mermer, yeni yat\u0131r\u0131mlarla b\u00fcy\u00fcyerek, her pazara hitap eden geni\u015f ta\u015f \u00e7e\u015fidine sahip olmak istemektedir.<\/p>\n<\/p>","protected":false},"excerpt":{"rendered":"","protected":false},"author":1,"featured_media":0,"parent":0,"menu_order":0,"comment_status":"open","ping_status":"closed","template":"","meta":[],"_links":{"self":[{"href":"https:\/\/www.federalmermer.com\/index.php\/wp-json\/wp\/v2\/pages\/3678"}],"collection":[{"href":"https:\/\/www.federalmermer.com\/index.php\/wp-json\/wp\/v2\/pages"}],"about":[{"href":"https:\/\/www.federalmermer.com\/index.php\/wp-json\/wp\/v2\/types\/page"}],"author":[{"embeddable":true,"href":"https:\/\/www.federalmermer.com\/index.php\/wp-json\/wp\/v2\/users\/1"}],"replies":[{"embeddable":true,"href":"https:\/\/www.federalmermer.com\/index.php\/wp-json\/wp\/v2\/comments?post=3678"}],"version-history":[{"count":10,"href":"https:\/\/www.federalmermer.com\/index.php\/wp-json\/wp\/v2\/pages\/3678\/revisions"}],"predecessor-version":[{"id":11977,"href":"https:\/\/www.federalmermer.com\/index.php\/wp-json\/wp\/v2\/pages\/3678\/revisions\/11977"}],"wp:attachment":[{"href":"https:\/\/www.federalmermer.com\/index.php\/wp-json\/wp\/v2\/media?parent=3678"}],"curies":[{"name":"wp","href":"https:\/\/api.w.org\/{rel}","templated":true}]}}